{"id":1817,"date":"2024-12-26T00:12:07","date_gmt":"2024-12-26T00:12:07","guid":{"rendered":"https:\/\/yogasynergy.webesdesign.com\/nous-contacter\/"},"modified":"2025-05-16T08:55:15","modified_gmt":"2025-05-16T08:55:15","slug":"nous-contacter","status":"publish","type":"page","link":"https:\/\/yogasynergy.webesdesign.com\/fr\/nous-contacter\/","title":{"rendered":"Nous contacter"},"content":{"rendered":"\t\t<div data-elementor-type=\"wp-page\" data-elementor-id=\"1817\" class=\"elementor elementor-1817 elementor-469\">\n\t\t\t\t<div class=\"elementor-element elementor-element-cfff304 e-flex e-con-boxed e-con e-parent\" data-id=\"cfff304\" data-element_type=\"container\">\n\t\t\t\t\t<div class=\"e-con-inner\">\n\t\t<div class=\"elementor-element elementor-element-3cf27d1 e-con-full e-flex e-con e-child\" data-id=\"3cf27d1\" data-element_type=\"container\">\n\t\t\t\t<div class=\"elementor-element elementor-element-4fcaa8e elementor-widget elementor-widget-heading\" data-id=\"4fcaa8e\" data-element_type=\"widget\" data-widget_type=\"heading.default\">\n\t\t\t\t<div class=\"elementor-widget-container\">\n\t\t\t\t\t<h2 class=\"elementor-heading-title elementor-size-default\">Pr\u00eat\u00b7e \u00e0 d\u00e9couvrir le Yoga Synergy ?<\/h2>\t\t\t\t<\/div>\n\t\t\t\t<\/div>\n\t\t\t\t<div class=\"elementor-element elementor-element-7958d7c elementor-position-left elementor-vertical-align-top elementor-widget elementor-widget-image-box\" data-id=\"7958d7c\" data-element_type=\"widget\" data-widget_type=\"image-box.default\">\n\t\t\t\t<div class=\"elementor-widget-container\">\n\t\t\t\t\t<div class=\"elementor-image-box-wrapper\"><figure class=\"elementor-image-box-img\"><img decoding=\"async\" width=\"32\" height=\"32\" src=\"https:\/\/yogasynergy.webesdesign.com\/wp-content\/uploads\/2025\/05\/email_1550316-3.png\" class=\"attachment-full size-full wp-image-1225\" alt=\"\" \/><\/figure><div class=\"elementor-image-box-content\"><h3 class=\"elementor-image-box-title\">Envoyez-nous un e-mail<\/h3><p class=\"elementor-image-box-description\"><a href=\"mailto:hello@yogasynergy.com\">hello@yogasynergy.com<\/a><\/p><\/div><\/div>\t\t\t\t<\/div>\n\t\t\t\t<\/div>\n\t\t\t\t<\/div>\n\t\t<div class=\"elementor-element elementor-element-9908c0d e-con-full e-flex e-con e-child\" data-id=\"9908c0d\" data-element_type=\"container\">\n\t\t\t\t<div class=\"elementor-element elementor-element-4567de3 elementor-widget elementor-widget-shortcode\" data-id=\"4567de3\" data-element_type=\"widget\" data-widget_type=\"shortcode.default\">\n\t\t\t\t<div class=\"elementor-widget-container\">\n\t\t\t\t\t\t\t<div class=\"elementor-shortcode\">\n<div class=\"wpcf7 no-js\" id=\"wpcf7-f1922-o1\" lang=\"fr-FR\" dir=\"ltr\" data-wpcf7-id=\"1922\">\n<div class=\"screen-reader-response\"><p role=\"status\" aria-live=\"polite\" aria-atomic=\"true\"><\/p> <ul><\/ul><\/div>\n<form action=\"\/fr\/wp-json\/wp\/v2\/pages\/1817#wpcf7-f1922-o1\" method=\"post\" class=\"wpcf7-form init\" aria-label=\"Formulaire de contact\" novalidate=\"novalidate\" data-status=\"init\">\n<div style=\"display: none;\">\n<input type=\"hidden\" name=\"_wpcf7\" value=\"1922\" \/>\n<input type=\"hidden\" name=\"_wpcf7_version\" value=\"6.0.6\" \/>\n<input type=\"hidden\" name=\"_wpcf7_locale\" value=\"fr_FR\" \/>\n<input type=\"hidden\" name=\"_wpcf7_unit_tag\" value=\"wpcf7-f1922-o1\" \/>\n<input type=\"hidden\" name=\"_wpcf7_container_post\" value=\"0\" \/>\n<input type=\"hidden\" name=\"_wpcf7_posted_data_hash\" value=\"\" \/>\n<\/div>\n<div class=\"contact-form-wrapper\">\n\t<div class=\"row\">\n\t\t<div class=\"col-12 col-lg-6\">\n\t\t\t<p><label>Votre nom *<\/label><br \/>\n<span class=\"wpcf7-form-control-wrap\" data-name=\"your-name\"><input size=\"40\" maxlength=\"400\" class=\"wpcf7-form-control wpcf7-text wpcf7-validates-as-required\" aria-required=\"true\" aria-invalid=\"false\" value=\"\" type=\"text\" name=\"your-name\" \/><\/span>\n\t\t\t<\/p>\n\t\t<\/div>\n\t\t<div class=\"col-12 col-lg-6\">\n\t\t\t<p><label>Votre email *<\/label><br \/>\n<span class=\"wpcf7-form-control-wrap\" data-name=\"your-email\"><input size=\"40\" maxlength=\"400\" class=\"wpcf7-form-control wpcf7-email wpcf7-validates-as-required wpcf7-text wpcf7-validates-as-email\" aria-required=\"true\" aria-invalid=\"false\" value=\"\" type=\"email\" name=\"your-email\" \/><\/span>\n\t\t\t<\/p>\n\t\t<\/div>\n\t\t<div class=\"col-12 col-lg-12\">\n\t\t\t<p><label>Sujette *<\/label><br \/>\n<span class=\"wpcf7-form-control-wrap\" data-name=\"your-subject\"><input size=\"40\" maxlength=\"400\" class=\"wpcf7-form-control wpcf7-text wpcf7-validates-as-required\" aria-required=\"true\" aria-invalid=\"false\" value=\"\" type=\"text\" name=\"your-subject\" \/><\/span>\n\t\t\t<\/p>\n\t\t<\/div>\n\t\t<div class=\"col-12 col-lg-12\">\n\t\t\t<p><label>Votre message (optionnel)<\/label><br \/>\n<span class=\"wpcf7-form-control-wrap\" data-name=\"your-message\"><textarea cols=\"40\" rows=\"10\" maxlength=\"2000\" class=\"wpcf7-form-control wpcf7-textarea\" aria-invalid=\"false\" name=\"your-message\"><\/textarea><\/span>\n\t\t\t<\/p>\n\t\t<\/div>\n\t\t<div class=\"col-12 col-lg-12\">\n\t\t\t<p><input class=\"wpcf7-form-control wpcf7-submit has-spinner\" type=\"submit\" value=\"Envoyer Un Message\" \/>\n\t\t\t<\/p>\n\t\t<\/div>\n\t<\/div>\n<\/div><div class=\"wpcf7-response-output\" aria-hidden=\"true\"><\/div>\n<\/form>\n<\/div>\n<\/div>\n\t\t\t\t\t\t<\/div>\n\t\t\t\t<\/div>\n\t\t\t\t<\/div>\n\t\t\t\t\t<\/div>\n\t\t\t\t<\/div>\n\t\t\t\t<\/div>\n\t\t","protected":false},"excerpt":{"rendered":"<p>Nous serons ravis de vous aider dans l&rsquo;organisation de vos cours pr\u00e9f\u00e9r\u00e9s<\/p>\n","protected":false},"author":1,"featured_media":0,"parent":0,"menu_order":0,"comment_status":"closed","ping_status":"closed","template":"","meta":{"footnotes":""},"class_list":["post-1817","page","type-page","status-publish","hentry"],"yoast_head":"<!-- This site is optimized with the Yoast SEO plugin v25.2 - https:\/\/yoast.com\/wordpress\/plugins\/seo\/ -->\n<title>Nous contacter - Yoga Synergy<\/title>\n<meta name=\"robots\" content=\"index, follow, max-snippet:-1, max-image-preview:large, max-video-preview:-1\" \/>\n<link rel=\"canonical\" href=\"https:\/\/yogasynergy.webesdesign.com\/fr\/nous-contacter\/\" \/>\n<meta property=\"og:locale\" content=\"fr_FR\" \/>\n<meta property=\"og:type\" content=\"article\" \/>\n<meta property=\"og:title\" content=\"Nous contacter - Yoga Synergy\" \/>\n<meta property=\"og:description\" content=\"Nous serons ravis de vous aider dans l&#039;organisation de vos cours pr\u00e9f\u00e9r\u00e9s\" \/>\n<meta property=\"og:url\" content=\"https:\/\/yogasynergy.webesdesign.com\/fr\/nous-contacter\/\" \/>\n<meta property=\"og:site_name\" content=\"Yoga Synergy\" \/>\n<meta property=\"article:modified_time\" content=\"2025-05-16T08:55:15+00:00\" \/>\n<meta property=\"og:image\" content=\"https:\/\/yogasynergy.webesdesign.com\/wp-content\/uploads\/2025\/05\/email_1550316-3.png\" \/>\n\t<meta property=\"og:image:width\" content=\"32\" \/>\n\t<meta property=\"og:image:height\" content=\"32\" \/>\n\t<meta property=\"og:image:type\" content=\"image\/png\" \/>\n<meta name=\"twitter:card\" content=\"summary_large_image\" \/>\n<script type=\"application\/ld+json\" class=\"yoast-schema-graph\">{\"@context\":\"https:\/\/schema.org\",\"@graph\":[{\"@type\":\"WebPage\",\"@id\":\"https:\/\/yogasynergy.webesdesign.com\/fr\/nous-contacter\/\",\"url\":\"https:\/\/yogasynergy.webesdesign.com\/fr\/nous-contacter\/\",\"name\":\"Nous contacter - Yoga Synergy\",\"isPartOf\":{\"@id\":\"https:\/\/yogasynergy.webesdesign.com\/fr\/#website\"},\"primaryImageOfPage\":{\"@id\":\"https:\/\/yogasynergy.webesdesign.com\/fr\/nous-contacter\/#primaryimage\"},\"image\":{\"@id\":\"https:\/\/yogasynergy.webesdesign.com\/fr\/nous-contacter\/#primaryimage\"},\"thumbnailUrl\":\"https:\/\/yogasynergy.webesdesign.com\/wp-content\/uploads\/2025\/05\/email_1550316-3.png\",\"datePublished\":\"2024-12-26T00:12:07+00:00\",\"dateModified\":\"2025-05-16T08:55:15+00:00\",\"breadcrumb\":{\"@id\":\"https:\/\/yogasynergy.webesdesign.com\/fr\/nous-contacter\/#breadcrumb\"},\"inLanguage\":\"fr-FR\",\"potentialAction\":[{\"@type\":\"ReadAction\",\"target\":[\"https:\/\/yogasynergy.webesdesign.com\/fr\/nous-contacter\/\"]}]},{\"@type\":\"ImageObject\",\"inLanguage\":\"fr-FR\",\"@id\":\"https:\/\/yogasynergy.webesdesign.com\/fr\/nous-contacter\/#primaryimage\",\"url\":\"https:\/\/yogasynergy.webesdesign.com\/wp-content\/uploads\/2025\/05\/email_1550316-3.png\",\"contentUrl\":\"https:\/\/yogasynergy.webesdesign.com\/wp-content\/uploads\/2025\/05\/email_1550316-3.png\"},{\"@type\":\"BreadcrumbList\",\"@id\":\"https:\/\/yogasynergy.webesdesign.com\/fr\/nous-contacter\/#breadcrumb\",\"itemListElement\":[{\"@type\":\"ListItem\",\"position\":1,\"name\":\"Home\",\"item\":\"https:\/\/yogasynergy.webesdesign.com\/\"},{\"@type\":\"ListItem\",\"position\":2,\"name\":\"Nous contacter\"}]},{\"@type\":\"WebSite\",\"@id\":\"https:\/\/yogasynergy.webesdesign.com\/fr\/#website\",\"url\":\"https:\/\/yogasynergy.webesdesign.com\/fr\/\",\"name\":\"Yoga Synergy\",\"description\":\"\",\"publisher\":{\"@id\":\"https:\/\/yogasynergy.webesdesign.com\/fr\/#organization\"},\"potentialAction\":[{\"@type\":\"SearchAction\",\"target\":{\"@type\":\"EntryPoint\",\"urlTemplate\":\"https:\/\/yogasynergy.webesdesign.com\/fr\/?s={search_term_string}\"},\"query-input\":{\"@type\":\"PropertyValueSpecification\",\"valueRequired\":true,\"valueName\":\"search_term_string\"}}],\"inLanguage\":\"fr-FR\"},{\"@type\":\"Organization\",\"@id\":\"https:\/\/yogasynergy.webesdesign.com\/fr\/#organization\",\"name\":\"Yoga Synergy\",\"url\":\"https:\/\/yogasynergy.webesdesign.com\/fr\/\",\"logo\":{\"@type\":\"ImageObject\",\"inLanguage\":\"fr-FR\",\"@id\":\"https:\/\/yogasynergy.webesdesign.com\/fr\/#\/schema\/logo\/image\/\",\"url\":\"https:\/\/yogasynergy.webesdesign.com\/wp-content\/uploads\/2025\/04\/Logo_YogaSynergy.png\",\"contentUrl\":\"https:\/\/yogasynergy.webesdesign.com\/wp-content\/uploads\/2025\/04\/Logo_YogaSynergy.png\",\"width\":548,\"height\":168,\"caption\":\"Yoga Synergy\"},\"image\":{\"@id\":\"https:\/\/yogasynergy.webesdesign.com\/fr\/#\/schema\/logo\/image\/\"},\"sameAs\":[\"https:\/\/www.instagram.com\/yoga_synergy_org\/\"]}]}<\/script>\n<!-- \/ Yoast SEO plugin. -->","yoast_head_json":{"title":"Nous contacter - Yoga Synergy","robots":{"index":"index","follow":"follow","max-snippet":"max-snippet:-1","max-image-preview":"max-image-preview:large","max-video-preview":"max-video-preview:-1"},"canonical":"https:\/\/yogasynergy.webesdesign.com\/fr\/nous-contacter\/","og_locale":"fr_FR","og_type":"article","og_title":"Nous contacter - Yoga Synergy","og_description":"Nous serons ravis de vous aider dans l'organisation de vos cours pr\u00e9f\u00e9r\u00e9s","og_url":"https:\/\/yogasynergy.webesdesign.com\/fr\/nous-contacter\/","og_site_name":"Yoga Synergy","article_modified_time":"2025-05-16T08:55:15+00:00","og_image":[{"width":32,"height":32,"url":"https:\/\/yogasynergy.webesdesign.com\/wp-content\/uploads\/2025\/05\/email_1550316-3.png","type":"image\/png"}],"twitter_card":"summary_large_image","schema":{"@context":"https:\/\/schema.org","@graph":[{"@type":"WebPage","@id":"https:\/\/yogasynergy.webesdesign.com\/fr\/nous-contacter\/","url":"https:\/\/yogasynergy.webesdesign.com\/fr\/nous-contacter\/","name":"Nous contacter - Yoga Synergy","isPartOf":{"@id":"https:\/\/yogasynergy.webesdesign.com\/fr\/#website"},"primaryImageOfPage":{"@id":"https:\/\/yogasynergy.webesdesign.com\/fr\/nous-contacter\/#primaryimage"},"image":{"@id":"https:\/\/yogasynergy.webesdesign.com\/fr\/nous-contacter\/#primaryimage"},"thumbnailUrl":"https:\/\/yogasynergy.webesdesign.com\/wp-content\/uploads\/2025\/05\/email_1550316-3.png","datePublished":"2024-12-26T00:12:07+00:00","dateModified":"2025-05-16T08:55:15+00:00","breadcrumb":{"@id":"https:\/\/yogasynergy.webesdesign.com\/fr\/nous-contacter\/#breadcrumb"},"inLanguage":"fr-FR","potentialAction":[{"@type":"ReadAction","target":["https:\/\/yogasynergy.webesdesign.com\/fr\/nous-contacter\/"]}]},{"@type":"ImageObject","inLanguage":"fr-FR","@id":"https:\/\/yogasynergy.webesdesign.com\/fr\/nous-contacter\/#primaryimage","url":"https:\/\/yogasynergy.webesdesign.com\/wp-content\/uploads\/2025\/05\/email_1550316-3.png","contentUrl":"https:\/\/yogasynergy.webesdesign.com\/wp-content\/uploads\/2025\/05\/email_1550316-3.png"},{"@type":"BreadcrumbList","@id":"https:\/\/yogasynergy.webesdesign.com\/fr\/nous-contacter\/#breadcrumb","itemListElement":[{"@type":"ListItem","position":1,"name":"Home","item":"https:\/\/yogasynergy.webesdesign.com\/"},{"@type":"ListItem","position":2,"name":"Nous contacter"}]},{"@type":"WebSite","@id":"https:\/\/yogasynergy.webesdesign.com\/fr\/#website","url":"https:\/\/yogasynergy.webesdesign.com\/fr\/","name":"Yoga Synergy","description":"","publisher":{"@id":"https:\/\/yogasynergy.webesdesign.com\/fr\/#organization"},"potentialAction":[{"@type":"SearchAction","target":{"@type":"EntryPoint","urlTemplate":"https:\/\/yogasynergy.webesdesign.com\/fr\/?s={search_term_string}"},"query-input":{"@type":"PropertyValueSpecification","valueRequired":true,"valueName":"search_term_string"}}],"inLanguage":"fr-FR"},{"@type":"Organization","@id":"https:\/\/yogasynergy.webesdesign.com\/fr\/#organization","name":"Yoga Synergy","url":"https:\/\/yogasynergy.webesdesign.com\/fr\/","logo":{"@type":"ImageObject","inLanguage":"fr-FR","@id":"https:\/\/yogasynergy.webesdesign.com\/fr\/#\/schema\/logo\/image\/","url":"https:\/\/yogasynergy.webesdesign.com\/wp-content\/uploads\/2025\/04\/Logo_YogaSynergy.png","contentUrl":"https:\/\/yogasynergy.webesdesign.com\/wp-content\/uploads\/2025\/04\/Logo_YogaSynergy.png","width":548,"height":168,"caption":"Yoga Synergy"},"image":{"@id":"https:\/\/yogasynergy.webesdesign.com\/fr\/#\/schema\/logo\/image\/"},"sameAs":["https:\/\/www.instagram.com\/yoga_synergy_org\/"]}]}},"meta_box":{"page_hide_title_bar":"","page_hide_inner_padding":"","page_header_option":""},"_links":{"self":[{"href":"https:\/\/yogasynergy.webesdesign.com\/fr\/wp-json\/wp\/v2\/pages\/1817","targetHints":{"allow":["GET"]}}],"collection":[{"href":"https:\/\/yogasynergy.webesdesign.com\/fr\/wp-json\/wp\/v2\/pages"}],"about":[{"href":"https:\/\/yogasynergy.webesdesign.com\/fr\/wp-json\/wp\/v2\/types\/page"}],"author":[{"embeddable":true,"href":"https:\/\/yogasynergy.webesdesign.com\/fr\/wp-json\/wp\/v2\/users\/1"}],"replies":[{"embeddable":true,"href":"https:\/\/yogasynergy.webesdesign.com\/fr\/wp-json\/wp\/v2\/comments?post=1817"}],"version-history":[{"count":4,"href":"https:\/\/yogasynergy.webesdesign.com\/fr\/wp-json\/wp\/v2\/pages\/1817\/revisions"}],"predecessor-version":[{"id":1927,"href":"https:\/\/yogasynergy.webesdesign.com\/fr\/wp-json\/wp\/v2\/pages\/1817\/revisions\/1927"}],"wp:attachment":[{"href":"https:\/\/yogasynergy.webesdesign.com\/fr\/wp-json\/wp\/v2\/media?parent=1817"}],"curies":[{"name":"wp","href":"https:\/\/api.w.org\/{rel}","templated":true}]}}