{"id":1605,"date":"2024-12-25T21:36:26","date_gmt":"2024-12-25T21:36:26","guid":{"rendered":"https:\/\/yogasynergy.webesdesign.com\/home\/"},"modified":"2025-05-29T13:48:39","modified_gmt":"2025-05-29T13:48:39","slug":"home","status":"publish","type":"page","link":"https:\/\/yogasynergy.webesdesign.com\/fr\/","title":{"rendered":"Home"},"content":{"rendered":"\t\t<div data-elementor-type=\"wp-page\" data-elementor-id=\"1605\" class=\"elementor elementor-1605 elementor-272\">\n\t\t\t\t<div class=\"elementor-element elementor-element-c922c79 e-con-full e-flex e-con e-parent\" data-id=\"c922c79\" data-element_type=\"container\">\n\t\t\t\t<\/div>\n\t\t<div class=\"elementor-element elementor-element-a3b1365 e-flex e-con-boxed e-con e-parent\" data-id=\"a3b1365\" data-element_type=\"container\">\n\t\t\t\t\t<div class=\"e-con-inner\">\n\t\t\t\t\t<\/div>\n\t\t\t\t<\/div>\n\t\t<div class=\"elementor-element elementor-element-0b01d07 e-flex e-con-boxed e-con e-parent\" data-id=\"0b01d07\" data-element_type=\"container\" data-settings=\"{&quot;background_background&quot;:&quot;classic&quot;}\">\n\t\t\t\t\t<div class=\"e-con-inner\">\n\t\t\t\t\t<\/div>\n\t\t\t\t<\/div>\n\t\t<div class=\"elementor-element elementor-element-376e3bf e-con-full e-flex e-con e-parent\" data-id=\"376e3bf\" data-element_type=\"container\">\n\t\t\t\t<\/div>\n\t\t<div class=\"elementor-element elementor-element-12f3258 e-flex e-con-boxed e-con e-parent\" data-id=\"12f3258\" data-element_type=\"container\">\n\t\t\t\t\t<div class=\"e-con-inner\">\n\t\t\t\t\t<\/div>\n\t\t\t\t<\/div>\n\t\t<div class=\"elementor-element elementor-element-dd02cc5 e-flex e-con-boxed e-con e-parent\" data-id=\"dd02cc5\" data-element_type=\"container\">\n\t\t\t\t\t<div class=\"e-con-inner\">\n\t\t<div class=\"elementor-element elementor-element-96eb900 e-con-full e-flex e-con e-child\" data-id=\"96eb900\" data-element_type=\"container\">\n\t\t\t\t<div class=\"elementor-element elementor-element-7788206 elementor-widget__width-initial elementor-absolute rotate elementor-widget elementor-widget-image\" data-id=\"7788206\" data-element_type=\"widget\" data-settings=\"{&quot;_position&quot;:&quot;absolute&quot;}\" data-widget_type=\"image.default\">\n\t\t\t\t<div class=\"elementor-widget-container\">\n\t\t\t\t\t\t\t\t\t\t\t\t\t\t\t<img fetchpriority=\"high\" decoding=\"async\" width=\"512\" height=\"512\" src=\"https:\/\/yogasynergy.webesdesign.com\/wp-content\/uploads\/2025\/05\/Rotate_YogaSynergy_.png\" class=\"attachment-large size-large wp-image-1720\" alt=\"\" srcset=\"https:\/\/yogasynergy.webesdesign.com\/wp-content\/uploads\/2025\/05\/Rotate_YogaSynergy_.png 512w, https:\/\/yogasynergy.webesdesign.com\/wp-content\/uploads\/2025\/05\/Rotate_YogaSynergy_-300x300.png 300w, https:\/\/yogasynergy.webesdesign.com\/wp-content\/uploads\/2025\/05\/Rotate_YogaSynergy_-150x150.png 150w\" sizes=\"(max-width: 512px) 100vw, 512px\" \/>\t\t\t\t\t\t\t\t\t\t\t\t\t\t\t<\/div>\n\t\t\t\t<\/div>\n\t\t\t\t<\/div>\n\t\t<div class=\"elementor-element elementor-element-92c1bc2 e-con-full e-flex e-con e-child\" data-id=\"92c1bc2\" data-element_type=\"container\">\n\t\t\t\t<\/div>\n\t\t\t\t\t<\/div>\n\t\t\t\t<\/div>\n\t\t<div class=\"elementor-element elementor-element-538aea3 e-flex e-con-boxed e-con e-parent\" data-id=\"538aea3\" data-element_type=\"container\">\n\t\t\t\t\t<div class=\"e-con-inner\">\n\t\t\t\t\t<\/div>\n\t\t\t\t<\/div>\n\t\t<div class=\"elementor-element elementor-element-14883a7 e-con-full e-flex e-con e-parent\" data-id=\"14883a7\" data-element_type=\"container\" data-settings=\"{&quot;background_background&quot;:&quot;classic&quot;}\">\n\t\t\t\t<\/div>\n\t\t<div class=\"elementor-element elementor-element-27c0b69 e-flex e-con-boxed e-con e-parent\" data-id=\"27c0b69\" data-element_type=\"container\">\n\t\t\t\t\t<div class=\"e-con-inner\">\n\t\t\t\t\t<\/div>\n\t\t\t\t<\/div>\n\t\t<div class=\"elementor-element elementor-element-d2a6a0e e-flex e-con-boxed e-con e-parent\" data-id=\"d2a6a0e\" data-element_type=\"container\">\n\t\t\t\t\t<div class=\"e-con-inner\">\n\t\t\t\t<div class=\"elementor-element elementor-element-9bac2ed elementor-widget elementor-widget-html\" data-id=\"9bac2ed\" data-element_type=\"widget\" data-widget_type=\"html.default\">\n\t\t\t\t<div class=\"elementor-widget-container\">\n\t\t\t\t\t<div class=\"entry-actions\">\n                                    <a href=\"https:\/\/www.instagram.com\/biancamachliss\/\" class=\"btn btn-secondary customize-unpreviewable\">\n  Bianca sur Instagram  <i class=\"pp-move-right\"><\/i>\n                                    <\/a>\n                                <\/div>\t\t\t\t<\/div>\n\t\t\t\t<\/div>\n\t\t\t\t\t<\/div>\n\t\t\t\t<\/div>\n\t\t<div class=\"elementor-element elementor-element-2c57837 e-flex e-con-boxed e-con e-parent\" data-id=\"2c57837\" data-element_type=\"container\">\n\t\t\t\t\t<div class=\"e-con-inner\">\n\t\t\t\t\t<\/div>\n\t\t\t\t<\/div>\n\t\t<div class=\"elementor-element elementor-element-53285a8 e-flex e-con-boxed e-con e-parent\" data-id=\"53285a8\" data-element_type=\"container\" id=\"subscribe\">\n\t\t\t\t\t<div class=\"e-con-inner\">\n\t\t\t\t\t<\/div>\n\t\t\t\t<\/div>\n\t\t\t\t<\/div>\n\t\t","protected":false},"excerpt":{"rendered":"<p>Start Your Journey Today Bougez avec l\u00e9g\u00e8ret\u00e9, ressentez sans tensions, vieillissez sereinement Yoga Synergy s\u2019adapte \u00e0 votre corps \u2014 et non l\u2019inverse. Nous contacter S\u2019abonner Yoga Synergy est une m\u00e9thode de yoga douce, fluide et profond\u00e9ment respectueuse Nous contacter S\u2019abonner Yoga_Synergy_org Contact principal Suivre sur Insta \u00c0 qui s&#039;adresse-t-il ? Yoga Synergy s\u2019adresse vraiment \u00e0 [&hellip;]<\/p>\n","protected":false},"author":1,"featured_media":0,"parent":0,"menu_order":0,"comment_status":"closed","ping_status":"closed","template":"","meta":{"footnotes":""},"class_list":["post-1605","page","type-page","status-publish","hentry"],"yoast_head":"<!-- This site is optimized with the Yoast SEO plugin v25.2 - https:\/\/yoast.com\/wordpress\/plugins\/seo\/ -->\n<title>Home - Yoga Synergy<\/title>\n<meta name=\"robots\" content=\"index, follow, max-snippet:-1, max-image-preview:large, max-video-preview:-1\" \/>\n<link rel=\"canonical\" href=\"https:\/\/yogasynergy.webesdesign.com\/\" \/>\n<meta property=\"og:locale\" content=\"fr_FR\" \/>\n<meta property=\"og:type\" content=\"article\" \/>\n<meta property=\"og:title\" content=\"Home - Yoga Synergy\" \/>\n<meta property=\"og:description\" content=\"Start Your Journey Today Bougez avec l\u00e9g\u00e8ret\u00e9, ressentez sans tensions, vieillissez sereinement Yoga Synergy s\u2019adapte \u00e0 votre corps \u2014 et non l\u2019inverse. Nous contacter S\u2019abonner Yoga Synergy est une m\u00e9thode de yoga douce, fluide et profond\u00e9ment respectueuse Nous contacter S\u2019abonner Yoga_Synergy_org Contact principal Suivre sur Insta \u00c0 qui s&#039;adresse-t-il ? Yoga Synergy s\u2019adresse vraiment \u00e0 [&hellip;]\" \/>\n<meta property=\"og:url\" content=\"https:\/\/yogasynergy.webesdesign.com\/\" \/>\n<meta property=\"og:site_name\" content=\"Yoga Synergy\" \/>\n<meta property=\"article:modified_time\" content=\"2025-05-29T13:48:39+00:00\" \/>\n<meta property=\"og:image\" content=\"https:\/\/yogasynergy.webesdesign.com\/wp-content\/uploads\/2025\/04\/Synergy_yoga.webp\" \/>\n<meta name=\"twitter:card\" content=\"summary_large_image\" \/>\n<meta name=\"twitter:label1\" content=\"Dur\u00e9e de lecture estim\u00e9e\" \/>\n\t<meta name=\"twitter:data1\" content=\"6 minutes\" \/>\n<script type=\"application\/ld+json\" class=\"yoast-schema-graph\">{\"@context\":\"https:\/\/schema.org\",\"@graph\":[{\"@type\":\"WebPage\",\"@id\":\"https:\/\/yogasynergy.webesdesign.com\/\",\"url\":\"https:\/\/yogasynergy.webesdesign.com\/\",\"name\":\"Home - Yoga Synergy\",\"isPartOf\":{\"@id\":\"https:\/\/yogasynergy.webesdesign.com\/fr\/#website\"},\"primaryImageOfPage\":{\"@id\":\"https:\/\/yogasynergy.webesdesign.com\/#primaryimage\"},\"image\":{\"@id\":\"https:\/\/yogasynergy.webesdesign.com\/#primaryimage\"},\"thumbnailUrl\":\"https:\/\/yogasynergy.webesdesign.com\/wp-content\/uploads\/2025\/04\/Synergy_yoga.webp\",\"datePublished\":\"2024-12-25T21:36:26+00:00\",\"dateModified\":\"2025-05-29T13:48:39+00:00\",\"breadcrumb\":{\"@id\":\"https:\/\/yogasynergy.webesdesign.com\/#breadcrumb\"},\"inLanguage\":\"fr-FR\",\"potentialAction\":[{\"@type\":\"ReadAction\",\"target\":[\"https:\/\/yogasynergy.webesdesign.com\/\"]}]},{\"@type\":\"ImageObject\",\"inLanguage\":\"fr-FR\",\"@id\":\"https:\/\/yogasynergy.webesdesign.com\/#primaryimage\",\"url\":\"https:\/\/yogasynergy.webesdesign.com\/wp-content\/uploads\/2025\/04\/Synergy_yoga.webp\",\"contentUrl\":\"https:\/\/yogasynergy.webesdesign.com\/wp-content\/uploads\/2025\/04\/Synergy_yoga.webp\"},{\"@type\":\"BreadcrumbList\",\"@id\":\"https:\/\/yogasynergy.webesdesign.com\/#breadcrumb\",\"itemListElement\":[{\"@type\":\"ListItem\",\"position\":1,\"name\":\"Home\",\"item\":\"https:\/\/yogasynergy.webesdesign.com\/\"},{\"@type\":\"ListItem\",\"position\":2,\"name\":\"Home\"}]},{\"@type\":\"WebSite\",\"@id\":\"https:\/\/yogasynergy.webesdesign.com\/fr\/#website\",\"url\":\"https:\/\/yogasynergy.webesdesign.com\/fr\/\",\"name\":\"Yoga Synergy\",\"description\":\"\",\"publisher\":{\"@id\":\"https:\/\/yogasynergy.webesdesign.com\/fr\/#organization\"},\"potentialAction\":[{\"@type\":\"SearchAction\",\"target\":{\"@type\":\"EntryPoint\",\"urlTemplate\":\"https:\/\/yogasynergy.webesdesign.com\/fr\/?s={search_term_string}\"},\"query-input\":{\"@type\":\"PropertyValueSpecification\",\"valueRequired\":true,\"valueName\":\"search_term_string\"}}],\"inLanguage\":\"fr-FR\"},{\"@type\":\"Organization\",\"@id\":\"https:\/\/yogasynergy.webesdesign.com\/fr\/#organization\",\"name\":\"Yoga Synergy\",\"url\":\"https:\/\/yogasynergy.webesdesign.com\/fr\/\",\"logo\":{\"@type\":\"ImageObject\",\"inLanguage\":\"fr-FR\",\"@id\":\"https:\/\/yogasynergy.webesdesign.com\/fr\/#\/schema\/logo\/image\/\",\"url\":\"https:\/\/yogasynergy.webesdesign.com\/wp-content\/uploads\/2025\/04\/Logo_YogaSynergy.png\",\"contentUrl\":\"https:\/\/yogasynergy.webesdesign.com\/wp-content\/uploads\/2025\/04\/Logo_YogaSynergy.png\",\"width\":548,\"height\":168,\"caption\":\"Yoga Synergy\"},\"image\":{\"@id\":\"https:\/\/yogasynergy.webesdesign.com\/fr\/#\/schema\/logo\/image\/\"},\"sameAs\":[\"https:\/\/www.instagram.com\/yoga_synergy_org\/\"]}]}<\/script>\n<!-- \/ Yoast SEO plugin. -->","yoast_head_json":{"title":"Home - Yoga Synergy","robots":{"index":"index","follow":"follow","max-snippet":"max-snippet:-1","max-image-preview":"max-image-preview:large","max-video-preview":"max-video-preview:-1"},"canonical":"https:\/\/yogasynergy.webesdesign.com\/","og_locale":"fr_FR","og_type":"article","og_title":"Home - Yoga Synergy","og_description":"Start Your Journey Today Bougez avec l\u00e9g\u00e8ret\u00e9, ressentez sans tensions, vieillissez sereinement Yoga Synergy s\u2019adapte \u00e0 votre corps \u2014 et non l\u2019inverse. Nous contacter S\u2019abonner Yoga Synergy est une m\u00e9thode de yoga douce, fluide et profond\u00e9ment respectueuse Nous contacter S\u2019abonner Yoga_Synergy_org Contact principal Suivre sur Insta \u00c0 qui s&#039;adresse-t-il ? Yoga Synergy s\u2019adresse vraiment \u00e0 [&hellip;]","og_url":"https:\/\/yogasynergy.webesdesign.com\/","og_site_name":"Yoga Synergy","article_modified_time":"2025-05-29T13:48:39+00:00","og_image":[{"url":"https:\/\/yogasynergy.webesdesign.com\/wp-content\/uploads\/2025\/04\/Synergy_yoga.webp","type":"","width":"","height":""}],"twitter_card":"summary_large_image","twitter_misc":{"Dur\u00e9e de lecture estim\u00e9e":"6 minutes"},"schema":{"@context":"https:\/\/schema.org","@graph":[{"@type":"WebPage","@id":"https:\/\/yogasynergy.webesdesign.com\/","url":"https:\/\/yogasynergy.webesdesign.com\/","name":"Home - Yoga Synergy","isPartOf":{"@id":"https:\/\/yogasynergy.webesdesign.com\/fr\/#website"},"primaryImageOfPage":{"@id":"https:\/\/yogasynergy.webesdesign.com\/#primaryimage"},"image":{"@id":"https:\/\/yogasynergy.webesdesign.com\/#primaryimage"},"thumbnailUrl":"https:\/\/yogasynergy.webesdesign.com\/wp-content\/uploads\/2025\/04\/Synergy_yoga.webp","datePublished":"2024-12-25T21:36:26+00:00","dateModified":"2025-05-29T13:48:39+00:00","breadcrumb":{"@id":"https:\/\/yogasynergy.webesdesign.com\/#breadcrumb"},"inLanguage":"fr-FR","potentialAction":[{"@type":"ReadAction","target":["https:\/\/yogasynergy.webesdesign.com\/"]}]},{"@type":"ImageObject","inLanguage":"fr-FR","@id":"https:\/\/yogasynergy.webesdesign.com\/#primaryimage","url":"https:\/\/yogasynergy.webesdesign.com\/wp-content\/uploads\/2025\/04\/Synergy_yoga.webp","contentUrl":"https:\/\/yogasynergy.webesdesign.com\/wp-content\/uploads\/2025\/04\/Synergy_yoga.webp"},{"@type":"BreadcrumbList","@id":"https:\/\/yogasynergy.webesdesign.com\/#breadcrumb","itemListElement":[{"@type":"ListItem","position":1,"name":"Home","item":"https:\/\/yogasynergy.webesdesign.com\/"},{"@type":"ListItem","position":2,"name":"Home"}]},{"@type":"WebSite","@id":"https:\/\/yogasynergy.webesdesign.com\/fr\/#website","url":"https:\/\/yogasynergy.webesdesign.com\/fr\/","name":"Yoga Synergy","description":"","publisher":{"@id":"https:\/\/yogasynergy.webesdesign.com\/fr\/#organization"},"potentialAction":[{"@type":"SearchAction","target":{"@type":"EntryPoint","urlTemplate":"https:\/\/yogasynergy.webesdesign.com\/fr\/?s={search_term_string}"},"query-input":{"@type":"PropertyValueSpecification","valueRequired":true,"valueName":"search_term_string"}}],"inLanguage":"fr-FR"},{"@type":"Organization","@id":"https:\/\/yogasynergy.webesdesign.com\/fr\/#organization","name":"Yoga Synergy","url":"https:\/\/yogasynergy.webesdesign.com\/fr\/","logo":{"@type":"ImageObject","inLanguage":"fr-FR","@id":"https:\/\/yogasynergy.webesdesign.com\/fr\/#\/schema\/logo\/image\/","url":"https:\/\/yogasynergy.webesdesign.com\/wp-content\/uploads\/2025\/04\/Logo_YogaSynergy.png","contentUrl":"https:\/\/yogasynergy.webesdesign.com\/wp-content\/uploads\/2025\/04\/Logo_YogaSynergy.png","width":548,"height":168,"caption":"Yoga Synergy"},"image":{"@id":"https:\/\/yogasynergy.webesdesign.com\/fr\/#\/schema\/logo\/image\/"},"sameAs":["https:\/\/www.instagram.com\/yoga_synergy_org\/"]}]}},"meta_box":{"page_hide_title_bar":"1","page_hide_inner_padding":"1","page_header_option":"three"},"_links":{"self":[{"href":"https:\/\/yogasynergy.webesdesign.com\/fr\/wp-json\/wp\/v2\/pages\/1605","targetHints":{"allow":["GET"]}}],"collection":[{"href":"https:\/\/yogasynergy.webesdesign.com\/fr\/wp-json\/wp\/v2\/pages"}],"about":[{"href":"https:\/\/yogasynergy.webesdesign.com\/fr\/wp-json\/wp\/v2\/types\/page"}],"author":[{"embeddable":true,"href":"https:\/\/yogasynergy.webesdesign.com\/fr\/wp-json\/wp\/v2\/users\/1"}],"replies":[{"embeddable":true,"href":"https:\/\/yogasynergy.webesdesign.com\/fr\/wp-json\/wp\/v2\/comments?post=1605"}],"version-history":[{"count":176,"href":"https:\/\/yogasynergy.webesdesign.com\/fr\/wp-json\/wp\/v2\/pages\/1605\/revisions"}],"predecessor-version":[{"id":2105,"href":"https:\/\/yogasynergy.webesdesign.com\/fr\/wp-json\/wp\/v2\/pages\/1605\/revisions\/2105"}],"wp:attachment":[{"href":"https:\/\/yogasynergy.webesdesign.com\/fr\/wp-json\/wp\/v2\/media?parent=1605"}],"curies":[{"name":"wp","href":"https:\/\/api.w.org\/{rel}","templated":true}]}}